{"id":9,"date":"2011-03-09T17:18:09","date_gmt":"2011-03-09T16:18:09","guid":{"rendered":"http:\/\/holegballon51.hu\/?page_id=9"},"modified":"2011-03-09T17:18:09","modified_gmt":"2011-03-09T16:18:09","slug":"rolunk","status":"publish","type":"page","link":"https:\/\/holegballon51.hu\/?page_id=9","title":{"rendered":"R\u00f3lunk"},"content":{"rendered":"<p>Csapatunk t\u00f6bb mint 20 \u00e9ves rep\u00fcl\u0151s m\u00faltat tudhat h\u00e1ta m\u00f6g\u00f6tt.<br \/>\nPil\u00f3t\u00e1nk Kardos Mikl\u00f3s, oktat\u00f3 ballonpil\u00f3ta, aki t\u00f6bb hazai \u00e9s nemzetk\u00f6zi verseny gy\u0151ztese, a magyar t\u00e1vrep\u00fcl\u00e9s cs\u00facstart\u00f3ja, valamint<br \/>\na spanyol ULTRA MAGIC BALLONS c\u00e9g hazai k\u00e9pvisel\u0151je. (<a title=\"www.ultramagic.com)\" href=\"http:\/\/www.ultramagic.com\" target=\"_blank\">www.ultramagic.com)<\/a><br \/>\nFelszerel\u00e9s\u00fcnk, a mostani legmodernebb eszk\u00f6z\u00f6kb\u0151l \u00e1ll, ami m\u00e1r alapvet\u0151en egy garancia a biztons\u00e1gos m\u0171k\u00f6d\u00e9sre.<br \/>\nTeh\u00e1t mind szakember, mind pedig felszerel\u00e9s ter\u00e9n igyeksz\u00fcnk a maximumot ny\u00fajtani megrendel\u0151inknek.<\/p>\n","protected":false},"excerpt":{"rendered":"<p>Csapatunk t\u00f6bb mint 20 \u00e9ves rep\u00fcl\u0151s m\u00faltat tudhat h\u00e1ta m\u00f6g\u00f6tt. Pil\u00f3t\u00e1nk Kardos Mikl\u00f3s, oktat\u00f3 ballonpil\u00f3ta, aki t\u00f6bb hazai \u00e9s nemzetk\u00f6zi verseny gy\u0151ztese, a magyar t\u00e1vrep\u00fcl\u00e9s cs\u00facstart\u00f3ja, valamint a spanyol ULTRA MAGIC BALLONS c\u00e9g hazai k\u00e9pvisel\u0151je. (www.ultramagic.com) Felszerel\u00e9s\u00fcnk, a mostani legmodernebb eszk\u00f6z\u00f6kb\u0151l \u00e1ll, ami m\u00e1r alapvet\u0151en egy garancia a biztons\u00e1gos m\u0171k\u00f6d\u00e9sre. Teh\u00e1t mind szakember, mind pedig [&hellip;]<\/p>\n","protected":false},"author":1,"featured_media":0,"parent":0,"menu_order":2,"comment_status":"closed","ping_status":"closed","template":"","meta":[],"_links":{"self":[{"href":"https:\/\/holegballon51.hu\/index.php?rest_route=\/wp\/v2\/pages\/9"}],"collection":[{"href":"https:\/\/holegballon51.hu\/index.php?rest_route=\/wp\/v2\/pages"}],"about":[{"href":"https:\/\/holegballon51.hu\/index.php?rest_route=\/wp\/v2\/types\/page"}],"author":[{"embeddable":true,"href":"https:\/\/holegballon51.hu\/index.php?rest_route=\/wp\/v2\/users\/1"}],"replies":[{"embeddable":true,"href":"https:\/\/holegballon51.hu\/index.php?rest_route=%2Fwp%2Fv2%2Fcomments&post=9"}],"version-history":[{"count":0,"href":"https:\/\/holegballon51.hu\/index.php?rest_route=\/wp\/v2\/pages\/9\/revisions"}],"wp:attachment":[{"href":"https:\/\/holegballon51.hu\/index.php?rest_route=%2Fwp%2Fv2%2Fmedia&parent=9"}],"curies":[{"name":"wp","href":"https:\/\/api.w.org\/{rel}","templated":true}]}}