{"id":7,"date":"2011-03-09T17:08:29","date_gmt":"2011-03-09T16:08:29","guid":{"rendered":"http:\/\/holegballon51.hu\/?page_id=4"},"modified":"2025-07-09T07:53:51","modified_gmt":"2025-07-09T07:53:51","slug":"tortenelem","status":"publish","type":"page","link":"https:\/\/holegballon51.hu\/?page_id=7","title":{"rendered":"T\u00f6rt\u00e9nelem"},"content":{"rendered":"<p><img decoding=\"async\" loading=\"lazy\" class=\"alignleft wp-image-57 size-full\" src=\"http:\/\/holegballon51.hu\/wp-content\/uploads\/2011\/03\/Montgolfier.jpeg\" alt=\"Montgolfier\" width=\"129\" height=\"82\" \/>Mint halnak a v\u00edz, mad\u00e1rnak a leveg\u0151, \u00fagy az ember eredeti lakhelye a sz\u00e1razf\u00f6ld; de nyugtalan ked\u00e9ly\u0171 embernek csakhamar sz\u0171k volt eredeti haz\u00e1ja, s tev\u00e9kenys\u00e9g\u00e9nek sz\u00fcntelen \u00faj meg \u00faj t\u00e9rt keresett. \u00cdgy sz\u00e1llt ki a t\u00f6r\u00e9keny j\u00e1rm\u0171veken az \u00f3ce\u00e1n hideg sivatag\u00e1ra, \u00edgy t\u00f6rte r\u00e9g esz\u00e9t, mint lehetne, a r\u00f6gt\u0151l szabadulva, mad\u00e1rk\u00e9nt felemelkedni a magasba, s versenyt haj\u00f3zni az \u00e9g v\u00e1ndorfelh\u0151ivel?<br \/>\nA madarak testalkat\u00e1nak fel\u00fcletes vizsg\u00e1lata azon gondolatot \u00e9breszt\u00e9, miszerint rep\u00fcl\u00e9shez j\u00f3kora sz\u00e1rnyakon k\u00edv\u00fcl egy\u00e9b sem kell. A legels\u0151 rep\u00fcl\u00e9si k\u00eds\u00e9rletek val\u00f3s\u00e1ggal ez alapon t\u00e9tettek is. A g\u00f6r\u00f6g hitrege szerint Daedalus viasz \u00e9s toll\u00fab\u00f3l mesters\u00e9gesen k\u00e9sz\u00fclt sz\u00e1rnyak seg\u00e9ly\u00e9vel nem csak b\u00f6rt\u00f6n\u00e9b\u0151l rep\u00fclt ki, s\u0151t a tengeren is szerencs\u00e9sen \u00e1tkelt, fia Ikarus, azonban a tengerbe zuhant s benveszett, s k\u00eds\u00e9rlete sok\u00e1ig ut\u00e1nzat n\u00e9lk\u00fcl maradott.<br \/>\nSz\u00e1rnyakkal sehogy sem siker\u00fclv\u00e9n a felemelked\u00e9s, m\u00e1s m\u00f3dr\u00f3l kezdtek gondolkodni.<br \/>\nVolt a sz\u00e9p Francziaorsz\u00e1gnak egyik v\u00e1ros\u00e1ban Annonayben k\u00e9t testv\u00e9r, kik mesters\u00e9g\u00fckre papiros gy\u00e1rnokok voltak, mindaz\u00e1ltal \u00fcres \u00f3r\u00e1ikban, a helyett, hogy a kocsm\u00e1ba mentek volna iddog\u00e1lni, k\u00f6ny\u00advekkel foglalkoztak, s term\u00e9szettudom\u00e1nyi k\u00eds\u00e9rletekkel b\u00edbel\u0151dtek.<br \/>\nA Montgolfier testv\u00e9rek voltak a t\u00f6rt\u00e9nelemben az els\u0151k, akik megtervezt\u00e9k \u00e9s elk\u00e9sz\u00edtett\u00e9k az els\u0151 embert sz\u00e1ll\u00edt\u00f3 h\u0151l\u00e9gg\u00f6mb\u00f6t.<br \/>\nElolvast\u00e1k Joseph Priestley leveg\u0151r\u0151l sz\u00f3l\u00f3 k\u00f6nyv\u00e9t, s ez arra sarkalta \u0151ket, hogy k\u00eds\u00e9rletezni kezdjenek. Pap\u00edrzacsk\u00f3t tartottak a konyha t\u00fcze f\u00f6l\u00e9. Amikor a zacsk\u00f3 megtelt meleg leveg\u0151vel, az a mennyezetig emelkedett. A testv\u00e9rek ezut\u00e1n nagyobb \u00e9s jobb zacsk\u00f3kat k\u00e9sz\u00edtettek, m\u00edg t\u00f6bb k\u00eds\u00e9rlet ut\u00e1n pap\u00edrb\u00f3l \u00e9s v\u00e1szonb\u00f3l egy nagy l\u00e9gg\u00f6mb\u00f6t k\u00e9sz\u00edtettek \u00fagy, hogy k\u00f6rcikkenk\u00e9nt \u00f6ssze\u00advarrt\u00e1k. Gyapj\u00fa \u00e9s szalmat\u00fczet gy\u00fajtottak \u00e9s 1783. j\u00fanius 5.-\u00e9n Annonay piacter\u00e9r\u0151l leveg\u0151be bocs\u00e1tott\u00e1k. Ez volt a t\u00f6rt\u00e9nelem els\u0151 nyilv\u00e1nos l\u00e9gg\u00f6mb felemelked\u00e9se, mely egyben a leveg\u0151 megh\u00f3d\u00edt\u00e1\u00ads\u00e1nak els\u0151 l\u00e9p\u00e9se is volt.<br \/>\nEz az esem\u00e9ny tov\u00e1bbi k\u00eds\u00e9rletekhez vezetett.<\/p>\n<p>A Montgolfier testv\u00e9rek hamarosan P\u00e1rizsba \u00e9rkeztek, \u00e9s itt egy \u00fajabb, nagy h\u0151l\u00e9gg\u00f6mb\u00f6n dolgoztak.<br \/>\nSzeptember 19-\u00e9n siker\u00fclt a l\u00e9gg\u00f6mbbel egy juhval, egy lib\u00e1val \u00e9s egy kakassal a fed\u00e9lzet\u00e9n leveg\u0151be emelkedni. Mindegyik s\u00e9rtetlen\u00fcl \u00e9rt f\u00f6ldet.<br \/>\nEzut\u00e1n tov\u00e1bb k\u00eds\u00e9rleteztek \u00e9s felmer\u00fclt az emberrel val\u00f3 felemelked\u00e9s gondolata.<\/p>\n","protected":false},"excerpt":{"rendered":"<p>Mint halnak a v\u00edz, mad\u00e1rnak a leveg\u0151, \u00fagy az ember eredeti lakhelye a sz\u00e1razf\u00f6ld; de nyugtalan ked\u00e9ly\u0171 embernek csakhamar sz\u0171k volt eredeti haz\u00e1ja, s tev\u00e9kenys\u00e9g\u00e9nek sz\u00fcntelen \u00faj meg \u00faj t\u00e9rt keresett. \u00cdgy sz\u00e1llt ki a t\u00f6r\u00e9keny j\u00e1rm\u0171veken az \u00f3ce\u00e1n hideg sivatag\u00e1ra, \u00edgy t\u00f6rte r\u00e9g esz\u00e9t, mint lehetne, a r\u00f6gt\u0151l szabadulva, mad\u00e1rk\u00e9nt felemelkedni a magasba, s [&hellip;]<\/p>\n","protected":false},"author":1,"featured_media":0,"parent":0,"menu_order":1,"comment_status":"closed","ping_status":"closed","template":"","meta":[],"_links":{"self":[{"href":"https:\/\/holegballon51.hu\/index.php?rest_route=\/wp\/v2\/pages\/7"}],"collection":[{"href":"https:\/\/holegballon51.hu\/index.php?rest_route=\/wp\/v2\/pages"}],"about":[{"href":"https:\/\/holegballon51.hu\/index.php?rest_route=\/wp\/v2\/types\/page"}],"author":[{"embeddable":true,"href":"https:\/\/holegballon51.hu\/index.php?rest_route=\/wp\/v2\/users\/1"}],"replies":[{"embeddable":true,"href":"https:\/\/holegballon51.hu\/index.php?rest_route=%2Fwp%2Fv2%2Fcomments&post=7"}],"version-history":[{"count":3,"href":"https:\/\/holegballon51.hu\/index.php?rest_route=\/wp\/v2\/pages\/7\/revisions"}],"predecessor-version":[{"id":105,"href":"https:\/\/holegballon51.hu\/index.php?rest_route=\/wp\/v2\/pages\/7\/revisions\/105"}],"wp:attachment":[{"href":"https:\/\/holegballon51.hu\/index.php?rest_route=%2Fwp%2Fv2%2Fmedia&parent=7"}],"curies":[{"name":"wp","href":"https:\/\/api.w.org\/{rel}","templated":true}]}}