{"id":48,"date":"2011-03-09T20:06:08","date_gmt":"2011-03-09T19:06:08","guid":{"rendered":"http:\/\/holegballon51.hu\/?page_id=48"},"modified":"2025-07-24T19:01:04","modified_gmt":"2025-07-24T19:01:04","slug":"fenykepek","status":"publish","type":"page","link":"https:\/\/holegballon51.hu\/?page_id=48","title":{"rendered":"Gal\u00e9ria"},"content":{"rendered":"<p>H\u0151l\u00e9gballon vil\u00e1gbajnoks\u00e1g Debrecen, 2010:<\/p>\n<div style=\"width: 640px;\" class=\"wp-video\"><!--[if lt IE 9]><script>document.createElement('video');<\/script><![endif]-->\n<video class=\"wp-video-shortcode\" id=\"video-48-1\" width=\"640\" height=\"360\" preload=\"metadata\" controls=\"controls\"><source type=\"video\/mp4\" src=\"http:\/\/holegballon51.hu\/wp-content\/uploads\/2025\/07\/Hot-Air-Balloon-World-Championship-2010-Debrecen-Hungary.mp4?_=1\" \/><a href=\"http:\/\/holegballon51.hu\/wp-content\/uploads\/2025\/07\/Hot-Air-Balloon-World-Championship-2010-Debrecen-Hungary.mp4\">http:\/\/holegballon51.hu\/wp-content\/uploads\/2025\/07\/Hot-Air-Balloon-World-Championship-2010-Debrecen-Hungary.mp4<\/a><\/video><\/div>\n<p>Rep\u00fcl\u00e9s a napfelkelt\u00e9be:<\/p>\n<div style=\"width: 640px;\" class=\"wp-video\"><video class=\"wp-video-shortcode\" id=\"video-48-2\" width=\"640\" height=\"360\" preload=\"metadata\" controls=\"controls\"><source type=\"video\/mp4\" src=\"http:\/\/holegballon51.hu\/wp-content\/uploads\/2025\/07\/Repules-a-napfelkeltebe.mp4?_=2\" \/><a href=\"http:\/\/holegballon51.hu\/wp-content\/uploads\/2025\/07\/Repules-a-napfelkeltebe.mp4\">http:\/\/holegballon51.hu\/wp-content\/uploads\/2025\/07\/Repules-a-napfelkeltebe.mp4<\/a><\/video><\/div>\n<p>Ballontal\u00e1lkoz\u00f3 Gosau, 2016:<\/p>\n<div style=\"width: 640px;\" class=\"wp-video\"><video class=\"wp-video-shortcode\" id=\"video-48-3\" width=\"640\" height=\"360\" preload=\"metadata\" controls=\"controls\"><source type=\"video\/mp4\" src=\"http:\/\/holegballon51.hu\/wp-content\/uploads\/2025\/07\/Ballonwoche-in-Gosau-2016.mp4?_=3\" \/><a href=\"http:\/\/holegballon51.hu\/wp-content\/uploads\/2025\/07\/Ballonwoche-in-Gosau-2016.mp4\">http:\/\/holegballon51.hu\/wp-content\/uploads\/2025\/07\/Ballonwoche-in-Gosau-2016.mp4<\/a><\/video><\/div>\n<p>H\u0151l\u00e9gballon \u00f6sszeszerel\u00e9se \u00e9s felsz\u00e1ll\u00e1sa:<\/p>\n<div style=\"width: 640px;\" class=\"wp-video\"><video class=\"wp-video-shortcode\" id=\"video-48-4\" width=\"640\" height=\"360\" preload=\"metadata\" controls=\"controls\"><source type=\"video\/mp4\" src=\"http:\/\/holegballon51.hu\/wp-content\/uploads\/2025\/07\/Holegballon-osszeszerelese-es-felszallasa.mp4?_=4\" \/><a href=\"http:\/\/holegballon51.hu\/wp-content\/uploads\/2025\/07\/Holegballon-osszeszerelese-es-felszallasa.mp4\">http:\/\/holegballon51.hu\/wp-content\/uploads\/2025\/07\/Holegballon-osszeszerelese-es-felszallasa.mp4<\/a><\/video><\/div>\n<p>K\u00e9pek:<\/p>\n<p><img decoding=\"async\" loading=\"lazy\" class=\"aligncenter wp-image-79 size-full\" src=\"http:\/\/holegballon51.hu\/wp-content\/uploads\/2011\/03\/001.jpg\" alt=\"001\" width=\"640\" height=\"480\" srcset=\"https:\/\/holegballon51.hu\/wp-content\/uploads\/2011\/03\/001.jpg 640w, https:\/\/holegballon51.hu\/wp-content\/uploads\/2011\/03\/001-300x225.jpg 300w\" sizes=\"(max-width: 640px) 100vw, 640px\" \/><\/p>\n<p><img decoding=\"async\" loading=\"lazy\" class=\"aligncenter size-full wp-image-97\" src=\"http:\/\/holegballon51.hu\/wp-content\/uploads\/2011\/03\/tapolca88.jpg\" alt=\"tapolca88\" width=\"640\" height=\"480\" srcset=\"https:\/\/holegballon51.hu\/wp-content\/uploads\/2011\/03\/tapolca88.jpg 640w, https:\/\/holegballon51.hu\/wp-content\/uploads\/2011\/03\/tapolca88-300x225.jpg 300w\" sizes=\"(max-width: 640px) 100vw, 640px\" \/><\/p>\n<p><img decoding=\"async\" loading=\"lazy\" class=\"aligncenter wp-image-96 size-full\" src=\"http:\/\/holegballon51.hu\/wp-content\/uploads\/2011\/03\/tapolca66.jpg\" alt=\"tapolca66\" width=\"640\" height=\"479\" srcset=\"https:\/\/holegballon51.hu\/wp-content\/uploads\/2011\/03\/tapolca66.jpg 640w, https:\/\/holegballon51.hu\/wp-content\/uploads\/2011\/03\/tapolca66-300x225.jpg 300w\" sizes=\"(max-width: 640px) 100vw, 640px\" \/><\/p>\n<p><img decoding=\"async\" loading=\"lazy\" class=\"aligncenter wp-image-95 size-full\" src=\"http:\/\/holegballon51.hu\/wp-content\/uploads\/2011\/03\/018.jpg\" alt=\"018\" width=\"640\" height=\"480\" srcset=\"https:\/\/holegballon51.hu\/wp-content\/uploads\/2011\/03\/018.jpg 640w, https:\/\/holegballon51.hu\/wp-content\/uploads\/2011\/03\/018-300x225.jpg 300w\" sizes=\"(max-width: 640px) 100vw, 640px\" \/><\/p>\n<p><img decoding=\"async\" loading=\"lazy\" class=\"aligncenter wp-image-94 size-full\" src=\"http:\/\/holegballon51.hu\/wp-content\/uploads\/2011\/03\/017.jpg\" alt=\"017\" width=\"640\" height=\"960\" srcset=\"https:\/\/holegballon51.hu\/wp-content\/uploads\/2011\/03\/017.jpg 640w, https:\/\/holegballon51.hu\/wp-content\/uploads\/2011\/03\/017-200x300.jpg 200w\" sizes=\"(max-width: 640px) 100vw, 640px\" \/><\/p>\n<p><img decoding=\"async\" loading=\"lazy\" class=\"aligncenter wp-image-93 size-full\" src=\"http:\/\/holegballon51.hu\/wp-content\/uploads\/2011\/03\/016.jpg\" alt=\"016\" width=\"640\" height=\"960\" srcset=\"https:\/\/holegballon51.hu\/wp-content\/uploads\/2011\/03\/016.jpg 640w, https:\/\/holegballon51.hu\/wp-content\/uploads\/2011\/03\/016-200x300.jpg 200w\" sizes=\"(max-width: 640px) 100vw, 640px\" \/><\/p>\n<p><img decoding=\"async\" loading=\"lazy\" class=\"aligncenter wp-image-92 size-full\" src=\"http:\/\/holegballon51.hu\/wp-content\/uploads\/2011\/03\/015.jpg\" alt=\"015\" width=\"640\" height=\"960\" srcset=\"https:\/\/holegballon51.hu\/wp-content\/uploads\/2011\/03\/015.jpg 640w, https:\/\/holegballon51.hu\/wp-content\/uploads\/2011\/03\/015-200x300.jpg 200w\" sizes=\"(max-width: 640px) 100vw, 640px\" \/><\/p>\n<p><img decoding=\"async\" loading=\"lazy\" class=\"aligncenter wp-image-91 size-full\" src=\"http:\/\/holegballon51.hu\/wp-content\/uploads\/2011\/03\/014.jpg\" alt=\"014\" width=\"640\" height=\"426\" srcset=\"https:\/\/holegballon51.hu\/wp-content\/uploads\/2011\/03\/014.jpg 640w, https:\/\/holegballon51.hu\/wp-content\/uploads\/2011\/03\/014-300x200.jpg 300w\" sizes=\"(max-width: 640px) 100vw, 640px\" \/><\/p>\n<p><img decoding=\"async\" loading=\"lazy\" class=\"aligncenter wp-image-90 size-full\" src=\"http:\/\/holegballon51.hu\/wp-content\/uploads\/2011\/03\/013.jpg\" alt=\"013\" width=\"640\" height=\"960\" srcset=\"https:\/\/holegballon51.hu\/wp-content\/uploads\/2011\/03\/013.jpg 640w, https:\/\/holegballon51.hu\/wp-content\/uploads\/2011\/03\/013-200x300.jpg 200w\" sizes=\"(max-width: 640px) 100vw, 640px\" \/><\/p>\n<p><img decoding=\"async\" loading=\"lazy\" class=\"aligncenter wp-image-89 size-full\" src=\"http:\/\/holegballon51.hu\/wp-content\/uploads\/2011\/03\/012.jpg\" alt=\"012\" width=\"640\" height=\"416\" srcset=\"https:\/\/holegballon51.hu\/wp-content\/uploads\/2011\/03\/012.jpg 640w, https:\/\/holegballon51.hu\/wp-content\/uploads\/2011\/03\/012-300x195.jpg 300w\" sizes=\"(max-width: 640px) 100vw, 640px\" \/><\/p>\n<p><img decoding=\"async\" loading=\"lazy\" class=\"aligncenter wp-image-88 size-full\" src=\"http:\/\/holegballon51.hu\/wp-content\/uploads\/2011\/03\/011.jpg\" alt=\"011\" width=\"640\" height=\"487\" srcset=\"https:\/\/holegballon51.hu\/wp-content\/uploads\/2011\/03\/011.jpg 640w, https:\/\/holegballon51.hu\/wp-content\/uploads\/2011\/03\/011-300x228.jpg 300w\" sizes=\"(max-width: 640px) 100vw, 640px\" \/><\/p>\n<p><img decoding=\"async\" loading=\"lazy\" class=\"aligncenter wp-image-87 size-full\" src=\"http:\/\/holegballon51.hu\/wp-content\/uploads\/2011\/03\/010.jpg\" alt=\"010\" width=\"640\" height=\"426\" srcset=\"https:\/\/holegballon51.hu\/wp-content\/uploads\/2011\/03\/010.jpg 640w, https:\/\/holegballon51.hu\/wp-content\/uploads\/2011\/03\/010-300x200.jpg 300w\" sizes=\"(max-width: 640px) 100vw, 640px\" \/><\/p>\n<p><img decoding=\"async\" loading=\"lazy\" class=\"aligncenter wp-image-86 size-full\" src=\"http:\/\/holegballon51.hu\/wp-content\/uploads\/2011\/03\/009.jpg\" alt=\"009\" width=\"640\" height=\"426\" srcset=\"https:\/\/holegballon51.hu\/wp-content\/uploads\/2011\/03\/009.jpg 640w, https:\/\/holegballon51.hu\/wp-content\/uploads\/2011\/03\/009-300x200.jpg 300w\" sizes=\"(max-width: 640px) 100vw, 640px\" \/><\/p>\n<p><img decoding=\"async\" loading=\"lazy\" class=\"aligncenter wp-image-85 size-full\" src=\"http:\/\/holegballon51.hu\/wp-content\/uploads\/2011\/03\/008.jpg\" alt=\"008\" width=\"640\" height=\"426\" srcset=\"https:\/\/holegballon51.hu\/wp-content\/uploads\/2011\/03\/008.jpg 640w, https:\/\/holegballon51.hu\/wp-content\/uploads\/2011\/03\/008-300x200.jpg 300w\" sizes=\"(max-width: 640px) 100vw, 640px\" \/><\/p>\n<p><img decoding=\"async\" loading=\"lazy\" class=\"aligncenter wp-image-84 size-full\" src=\"http:\/\/holegballon51.hu\/wp-content\/uploads\/2011\/03\/007.jpg\" alt=\"007\" width=\"640\" height=\"426\" srcset=\"https:\/\/holegballon51.hu\/wp-content\/uploads\/2011\/03\/007.jpg 640w, https:\/\/holegballon51.hu\/wp-content\/uploads\/2011\/03\/007-300x200.jpg 300w\" sizes=\"(max-width: 640px) 100vw, 640px\" \/><\/p>\n<p><img decoding=\"async\" loading=\"lazy\" class=\"aligncenter wp-image-83 size-full\" src=\"http:\/\/holegballon51.hu\/wp-content\/uploads\/2011\/03\/005.jpg\" alt=\"005\" width=\"640\" height=\"426\" srcset=\"https:\/\/holegballon51.hu\/wp-content\/uploads\/2011\/03\/005.jpg 640w, https:\/\/holegballon51.hu\/wp-content\/uploads\/2011\/03\/005-300x200.jpg 300w\" sizes=\"(max-width: 640px) 100vw, 640px\" \/><\/p>\n<p><img decoding=\"async\" loading=\"lazy\" class=\"aligncenter wp-image-82 size-full\" src=\"http:\/\/holegballon51.hu\/wp-content\/uploads\/2011\/03\/004.jpg\" alt=\"004\" width=\"640\" height=\"426\" srcset=\"https:\/\/holegballon51.hu\/wp-content\/uploads\/2011\/03\/004.jpg 640w, https:\/\/holegballon51.hu\/wp-content\/uploads\/2011\/03\/004-300x200.jpg 300w\" sizes=\"(max-width: 640px) 100vw, 640px\" \/><\/p>\n<p><img decoding=\"async\" loading=\"lazy\" class=\"aligncenter wp-image-81 size-full\" src=\"http:\/\/holegballon51.hu\/wp-content\/uploads\/2011\/03\/003.jpg\" alt=\"003\" width=\"640\" height=\"426\" srcset=\"https:\/\/holegballon51.hu\/wp-content\/uploads\/2011\/03\/003.jpg 640w, https:\/\/holegballon51.hu\/wp-content\/uploads\/2011\/03\/003-300x200.jpg 300w\" sizes=\"(max-width: 640px) 100vw, 640px\" \/><\/p>\n<p><img decoding=\"async\" loading=\"lazy\" class=\"aligncenter wp-image-80 size-full\" src=\"http:\/\/holegballon51.hu\/wp-content\/uploads\/2011\/03\/002.jpg\" alt=\"002\" width=\"640\" height=\"426\" srcset=\"https:\/\/holegballon51.hu\/wp-content\/uploads\/2011\/03\/002.jpg 640w, https:\/\/holegballon51.hu\/wp-content\/uploads\/2011\/03\/002-300x200.jpg 300w\" sizes=\"(max-width: 640px) 100vw, 640px\" \/><\/p>\n","protected":false},"excerpt":{"rendered":"<p>H\u0151l\u00e9gballon vil\u00e1gbajnoks\u00e1g Debrecen, 2010: Rep\u00fcl\u00e9s a napfelkelt\u00e9be: Ballontal\u00e1lkoz\u00f3 Gosau, 2016: H\u0151l\u00e9gballon \u00f6sszeszerel\u00e9se \u00e9s felsz\u00e1ll\u00e1sa: K\u00e9pek:<\/p>\n","protected":false},"author":1,"featured_media":0,"parent":0,"menu_order":7,"comment_status":"closed","ping_status":"closed","template":"","meta":[],"_links":{"self":[{"href":"https:\/\/holegballon51.hu\/index.php?rest_route=\/wp\/v2\/pages\/48"}],"collection":[{"href":"https:\/\/holegballon51.hu\/index.php?rest_route=\/wp\/v2\/pages"}],"about":[{"href":"https:\/\/holegballon51.hu\/index.php?rest_route=\/wp\/v2\/types\/page"}],"author":[{"embeddable":true,"href":"https:\/\/holegballon51.hu\/index.php?rest_route=\/wp\/v2\/users\/1"}],"replies":[{"embeddable":true,"href":"https:\/\/holegballon51.hu\/index.php?rest_route=%2Fwp%2Fv2%2Fcomments&post=48"}],"version-history":[{"count":8,"href":"https:\/\/holegballon51.hu\/index.php?rest_route=\/wp\/v2\/pages\/48\/revisions"}],"predecessor-version":[{"id":120,"href":"https:\/\/holegballon51.hu\/index.php?rest_route=\/wp\/v2\/pages\/48\/revisions\/120"}],"wp:attachment":[{"href":"https:\/\/holegballon51.hu\/index.php?rest_route=%2Fwp%2Fv2%2Fmedia&parent=48"}],"curies":[{"name":"wp","href":"https:\/\/api.w.org\/{rel}","templated":true}]}}