{"id":38,"date":"2011-03-09T18:02:26","date_gmt":"2011-03-09T17:02:26","guid":{"rendered":"http:\/\/holegballon51.hu\/?page_id=38"},"modified":"2011-03-09T18:02:26","modified_gmt":"2011-03-09T17:02:26","slug":"elerhetosegek","status":"publish","type":"page","link":"https:\/\/holegballon51.hu\/?page_id=38","title":{"rendered":"El\u00e9rhet\u0151s\u00e9gek"},"content":{"rendered":"<p>Kardos Mikl\u00f3s<br \/>\nTel.: +36-20-777-9086<br \/>\nE-mail: ballon51 (kukac) t-online (pont) hu<\/p>\n","protected":false},"excerpt":{"rendered":"<p>Kardos Mikl\u00f3s Tel.: +36-20-777-9086 E-mail: ballon51 (kukac) t-online (pont) hu<\/p>\n","protected":false},"author":1,"featured_media":0,"parent":0,"menu_order":7,"comment_status":"closed","ping_status":"closed","template":"","meta":[],"_links":{"self":[{"href":"https:\/\/holegballon51.hu\/index.php?rest_route=\/wp\/v2\/pages\/38"}],"collection":[{"href":"https:\/\/holegballon51.hu\/index.php?rest_route=\/wp\/v2\/pages"}],"about":[{"href":"https:\/\/holegballon51.hu\/index.php?rest_route=\/wp\/v2\/types\/page"}],"author":[{"embeddable":true,"href":"https:\/\/holegballon51.hu\/index.php?rest_route=\/wp\/v2\/users\/1"}],"replies":[{"embeddable":true,"href":"https:\/\/holegballon51.hu\/index.php?rest_route=%2Fwp%2Fv2%2Fcomments&post=38"}],"version-history":[{"count":0,"href":"https:\/\/holegballon51.hu\/index.php?rest_route=\/wp\/v2\/pages\/38\/revisions"}],"wp:attachment":[{"href":"https:\/\/holegballon51.hu\/index.php?rest_route=%2Fwp%2Fv2%2Fmedia&parent=38"}],"curies":[{"name":"wp","href":"https:\/\/api.w.org\/{rel}","templated":true}]}}