{"id":20,"date":"2011-03-09T17:35:02","date_gmt":"2011-03-09T16:35:02","guid":{"rendered":"http:\/\/holegballon51.hu\/?page_id=20"},"modified":"2025-07-09T08:26:28","modified_gmt":"2025-07-09T08:26:28","slug":"araink","status":"publish","type":"page","link":"https:\/\/holegballon51.hu\/?page_id=20","title":{"rendered":"\u00c1raink"},"content":{"rendered":"<p><strong>S\u00c9TAREP\u00dcL\u00c9S<\/strong><\/p>\n<ul>\n<li>Feln\u0151tt: 60 000 Ft \/ f\u0151<\/li>\n<li>Gyermek (12 \u00e9ves korig): 40 000 Ft \/ f\u0151<\/li>\n<\/ul>\n<p>Egyszerre 2-3 \u00e9rdekl\u0151d\u0151 rep\u00fclhet s\u00falyt\u00f3l f\u00fcgg\u0151en.<br \/>\nAz \u00e1r tartalmazza az \u00e9rdekl\u0151d\u0151k visszasz\u00e1ll\u00edt\u00e1s\u00e1t a felsz\u00e1ll\u00f3helyre, valamint a \u00a0baleset biztos\u00edt\u00e1st 1mFt\/f\u0151 k\u00e1r\u00e9rt\u00e9kig.<\/p>\n<p><strong>F\u00dcGGESZKED\u00c9S\/LEBEG\u00c9S <\/strong><\/p>\n<p>Alapd\u00edj:<\/p>\n<ul>\n<li>kisz\u00e1ll\u00e1si d\u00edj: 100 000 Ft \/ alkalom<\/li>\n<li>l\u00e9gi\u00f3ra alapd\u00edj: 350 000 Ft \/ \u00f3ra<\/li>\n<\/ul>\n<p>P\u00f3td\u00edjak:<\/p>\n<ul>\n<li>\u00e9rdekl\u0151d\u0151kkel fel-, le liftez\u00e9s: alapd\u00edj + 5000 Ft \/ \u00f3ra<\/li>\n<li>k\u00f6zter\u00fclet foglal\u00e1si d\u00edj (ha a rendezv\u00e9ny szervez\u0151je m\u00e1sk\u00e9pp nem szervezi)<\/li>\n<\/ul>\n<p>A liftez\u00e9s magass\u00e1ga id\u0151j\u00e1r\u00e1s f\u00fcgg\u0151, de maximum 30 m\u00e9ter lehet.<br \/>\nCsak a fel\u00e1ll\u00edtott ballonnal teljes\u00edtett id\u0151t sz\u00e1moljuk fel f\u00fcggeszked\u00e9sk\u00e9nt, ebbe beletartozik a ballon fel\u00e1ll\u00edt\u00e1s\u00e1hoz sz\u00fcks\u00e9ges id\u0151 is, ami k\u00f6r\u00fclbel\u00fcl 20 perc.<br \/>\nHa ugyanazon a rendezv\u00e9nyen t\u00f6bbsz\u00f6r kell fel\u00e1ll\u00edtanunk a ballont, minden egyes fel\u00e1ll\u00edt\u00e1st \u00fajra sz\u00e1ml\u00e1zunk.<br \/>\nTerm\u00e9szetesen ebben az esetben is lehet\u0151s\u00e9g van rekl\u00e1m felhelyez\u00e9s\u00e9re, el\u0151re egyeztetett m\u00e9retben, illetve d\u00edjszab\u00e1s szerint.<\/p>\n<p><strong>\u00datik\u00f6lts\u00e9g:<\/strong><br \/>\n250 Ft \/ km &#8211; A kisz\u00e1ll\u00e1si d\u00edjon fel\u00fcl fizetend\u0151 \u00f6sszeg.<br \/>\nT\u00f6bb napos rendezv\u00e9ny eset\u00e9n sz\u00e1ll\u00e1s+napi d\u00edj 4 f\u0151 r\u00e9sz\u00e9re.<\/p>\n<p><strong>Rendelkez\u00e9sre \u00e1ll\u00e1si d\u00edj:<\/strong><br \/>\n80 000 Ft \/ \u00f3ra<br \/>\nEz a d\u00edj csak akkor fizetend\u0151, amikor csak a helysz\u00ednen der\u00fcl ki, hogy az id\u0151j\u00e1r\u00e1s alkalmatlan a f\u00fcggeszked\u00e9sre, de a megrendel\u0151 k\u00e9r\u00e9s\u00e9re tov\u00e1bbra is ott kell v\u00e1rakoznunk.<\/p>\n<p><strong>Lemond\u00e1si d\u00edj (k\u00f6tb\u00e9r):<\/strong><br \/>\nA rendezv\u00e9nyt megel\u0151z\u0151 7 napon bel\u00fcl: a v\u00e1llalkoz\u00f3i d\u00edj 75%-a,<br \/>\n7-14 nap k\u00f6z\u00f6tt: a v\u00e1llalkoz\u00f3i d\u00edj 50%-a.<\/p>\n","protected":false},"excerpt":{"rendered":"<p>S\u00c9TAREP\u00dcL\u00c9S Feln\u0151tt: 60 000 Ft \/ f\u0151 Gyermek (12 \u00e9ves korig): 40 000 Ft \/ f\u0151 Egyszerre 2-3 \u00e9rdekl\u0151d\u0151 rep\u00fclhet s\u00falyt\u00f3l f\u00fcgg\u0151en. Az \u00e1r tartalmazza az \u00e9rdekl\u0151d\u0151k visszasz\u00e1ll\u00edt\u00e1s\u00e1t a felsz\u00e1ll\u00f3helyre, valamint a \u00a0baleset biztos\u00edt\u00e1st 1mFt\/f\u0151 k\u00e1r\u00e9rt\u00e9kig. F\u00dcGGESZKED\u00c9S\/LEBEG\u00c9S Alapd\u00edj: kisz\u00e1ll\u00e1si d\u00edj: 100 000 Ft \/ alkalom l\u00e9gi\u00f3ra alapd\u00edj: 350 000 Ft \/ \u00f3ra P\u00f3td\u00edjak: \u00e9rdekl\u0151d\u0151kkel fel-, [&hellip;]<\/p>\n","protected":false},"author":1,"featured_media":0,"parent":0,"menu_order":6,"comment_status":"closed","ping_status":"closed","template":"","meta":[],"_links":{"self":[{"href":"https:\/\/holegballon51.hu\/index.php?rest_route=\/wp\/v2\/pages\/20"}],"collection":[{"href":"https:\/\/holegballon51.hu\/index.php?rest_route=\/wp\/v2\/pages"}],"about":[{"href":"https:\/\/holegballon51.hu\/index.php?rest_route=\/wp\/v2\/types\/page"}],"author":[{"embeddable":true,"href":"https:\/\/holegballon51.hu\/index.php?rest_route=\/wp\/v2\/users\/1"}],"replies":[{"embeddable":true,"href":"https:\/\/holegballon51.hu\/index.php?rest_route=%2Fwp%2Fv2%2Fcomments&post=20"}],"version-history":[{"count":3,"href":"https:\/\/holegballon51.hu\/index.php?rest_route=\/wp\/v2\/pages\/20\/revisions"}],"predecessor-version":[{"id":108,"href":"https:\/\/holegballon51.hu\/index.php?rest_route=\/wp\/v2\/pages\/20\/revisions\/108"}],"wp:attachment":[{"href":"https:\/\/holegballon51.hu\/index.php?rest_route=%2Fwp%2Fv2%2Fmedia&parent=20"}],"curies":[{"name":"wp","href":"https:\/\/api.w.org\/{rel}","templated":true}]}}