{"id":13,"date":"2011-03-09T17:22:39","date_gmt":"2011-03-09T16:22:39","guid":{"rendered":"http:\/\/holegballon51.hu\/?page_id=13"},"modified":"2025-07-09T07:54:35","modified_gmt":"2025-07-09T07:54:35","slug":"a-ballon-mint-reklamfelulet","status":"publish","type":"page","link":"https:\/\/holegballon51.hu\/?page_id=13","title":{"rendered":"A ballon, mint rekl\u00e1mfel\u00fclet"},"content":{"rendered":"<p>A ballonn\u00e1l, mint rekl\u00e1mfel\u00fcletn\u00e9l, k\u00e9tf\u00e9le rekl\u00e1mot szoktunk eml\u00edteni.<\/p>\n<p><strong>1. LEBEG\u00c9S\/F\u00dcGGESZKED\u00c9S<\/strong><\/p>\n<p>Ez a fajta rekl\u00e1m els\u0151sorban nagyobb szabadt\u00e9ri rendezv\u00e9nyek f\u0151 l\u00e1tv\u00e1nyoss\u00e1ga, kis kedvcsin\u00e1l\u00f3 a rep\u00fcl\u00e9st\u0151l f\u00e9l\u0151knek \u00e9s v\u00e9g\u00fcl, de nem utols\u00f3 sorban k\u00fcl\u00f6nleges rekl\u00e1m a c\u00e9gnek.<\/p>\n<p>A ballon ebben az esetben a f\u00f6ldh\u00f6z van r\u00f6gz\u00edtve, \u00e9s id\u0151szakonk\u00e9nt felemelkedik, hogy ezzel is n\u00f6velje a l\u00e1tv\u00e1nyoss\u00e1got.<br \/>\nA felemelked\u00e9s t\u00f6rt\u00e9nhet utassal, illetve utas n\u00e9lk\u00fcl is a megrendel\u0151 k\u00edv\u00e1ns\u00e1ga szerint, tov\u00e1bbi r\u00e9szletek az \u00e1raink rovatban.<\/p>\n<p><strong>2. REP\u00dcL\u00c9S<\/strong><\/p>\n<p>A ballon \u00f3ri\u00e1si fel\u00fclete r\u00e9v\u00e9n alkalmas az \u00fan. molin\u00f3 t\u00edpus\u00fa rekl\u00e1mok hordoz\u00e1s\u00e1ra.<br \/>\nEnnek aj\u00e1nlott maxim\u00e1lis m\u00e9rete 10 m* 6 m, \u00edgy egy oldalr\u00f3l teljes eg\u00e9sz\u00e9ben olvashat\u00f3 a rekl\u00e1m sz\u00f6vege.<br \/>\nEzzel a t\u00edpus\u00fa rekl\u00e1mmal amerre csak rep\u00fcl\u00fcnk, n\u00e9pszer\u0171s\u00edtj\u00fck az \u00d6n \u00e1ltal rekl\u00e1mozni k\u00edv\u00e1nt term\u00e9ket, szolg\u00e1ltat\u00e1st stb.<\/p>\n<p><strong>NE \u00c1LLJON BE A SABLON REKL\u00c1MOZ\u00d3K SOR\u00c1BA!<\/strong><br \/>\n<strong> V\u00c1LASSZON EGYEDI REKL\u00c1MOT!<\/strong><\/p>\n<p>Egy h\u0151l\u00e9gballon l\u00e1tv\u00e1nya mindenhol n\u00e9pszer\u0171s\u00e9gnek \u00f6rvend, garant\u00e1lt hogy minden szem r\u00e1szegez\u0151dik, am\u00edg csak l\u00e1that\u00f3.<br \/>\nE t\u00edpus\u00fa rekl\u00e1mok d\u00edjszab\u00e1sa egyedi szerz\u0151d\u00e9sekkel t\u00f6rt\u00e9nik, a megrendel\u0151 k\u00edv\u00e1ns\u00e1gai\u00adnak f\u00fcggv\u00e9ny\u00e9ben.<\/p>\n<p>Megrendel\u00e9s, illetve tov\u00e1bbi inform\u00e1ci\u00f3: Kardos Mikl\u00f3s<br \/>\nTel.: +36-20-777-9086<br \/>\nE-mail: ballon51 (kukac) t-online (pont) hu<\/p>\n","protected":false},"excerpt":{"rendered":"<p>A ballonn\u00e1l, mint rekl\u00e1mfel\u00fcletn\u00e9l, k\u00e9tf\u00e9le rekl\u00e1mot szoktunk eml\u00edteni. 1. LEBEG\u00c9S\/F\u00dcGGESZKED\u00c9S Ez a fajta rekl\u00e1m els\u0151sorban nagyobb szabadt\u00e9ri rendezv\u00e9nyek f\u0151 l\u00e1tv\u00e1nyoss\u00e1ga, kis kedvcsin\u00e1l\u00f3 a rep\u00fcl\u00e9st\u0151l f\u00e9l\u0151knek \u00e9s v\u00e9g\u00fcl, de nem utols\u00f3 sorban k\u00fcl\u00f6nleges rekl\u00e1m a c\u00e9gnek. A ballon ebben az esetben a f\u00f6ldh\u00f6z van r\u00f6gz\u00edtve, \u00e9s id\u0151szakonk\u00e9nt felemelkedik, hogy ezzel is n\u00f6velje a l\u00e1tv\u00e1nyoss\u00e1got. A felemelked\u00e9s [&hellip;]<\/p>\n","protected":false},"author":1,"featured_media":0,"parent":0,"menu_order":4,"comment_status":"closed","ping_status":"closed","template":"","meta":[],"_links":{"self":[{"href":"https:\/\/holegballon51.hu\/index.php?rest_route=\/wp\/v2\/pages\/13"}],"collection":[{"href":"https:\/\/holegballon51.hu\/index.php?rest_route=\/wp\/v2\/pages"}],"about":[{"href":"https:\/\/holegballon51.hu\/index.php?rest_route=\/wp\/v2\/types\/page"}],"author":[{"embeddable":true,"href":"https:\/\/holegballon51.hu\/index.php?rest_route=\/wp\/v2\/users\/1"}],"replies":[{"embeddable":true,"href":"https:\/\/holegballon51.hu\/index.php?rest_route=%2Fwp%2Fv2%2Fcomments&post=13"}],"version-history":[{"count":1,"href":"https:\/\/holegballon51.hu\/index.php?rest_route=\/wp\/v2\/pages\/13\/revisions"}],"predecessor-version":[{"id":106,"href":"https:\/\/holegballon51.hu\/index.php?rest_route=\/wp\/v2\/pages\/13\/revisions\/106"}],"wp:attachment":[{"href":"https:\/\/holegballon51.hu\/index.php?rest_route=%2Fwp%2Fv2%2Fmedia&parent=13"}],"curies":[{"name":"wp","href":"https:\/\/api.w.org\/{rel}","templated":true}]}}